{"id":1442,"date":"2022-08-05T12:38:10","date_gmt":"2022-08-05T10:38:10","guid":{"rendered":"http:\/\/eveildesign.com\/?page_id=1442"},"modified":"2022-09-23T12:23:54","modified_gmt":"2022-09-23T10:23:54","slug":"lafavorite","status":"publish","type":"page","link":"https:\/\/eveildesign.com\/index.php\/lafavorite\/","title":{"rendered":"Gorg\u00e9s de M\u00e9diterran\u00e9e"},"content":{"rendered":"\t\t<div data-elementor-type=\"wp-page\" data-elementor-id=\"1442\" class=\"elementor elementor-1442\">\n\t\t\t\t\t\t\t\t\t<section class=\"elementor-section elementor-top-section elementor-element elementor-element-6603884 elementor-section-full_width elementor-section-height-default elementor-section-height-default\" data-id=\"6603884\" data-element_type=\"section\" data-settings=\"{&quot;background_background&quot;:&quot;classic&quot;}\">\n\t\t\t\t\t\t<div class=\"elementor-container elementor-column-gap-no\">\n\t\t\t\t\t<div class=\"elementor-column elementor-col-100 elementor-top-column elementor-element elementor-element-a7f21c9\" data-id=\"a7f21c9\" data-element_type=\"column\">\n\t\t\t<div class=\"elementor-widget-wrap elementor-element-populated\">\n\t\t\t\t\t\t\t\t<div class=\"elementor-element elementor-element-8a04f5a elementor-fixed elementor-widget elementor-widget-image\" data-id=\"8a04f5a\" data-element_type=\"widget\" data-settings=\"{&quot;_position&quot;:&quot;fixed&quot;}\" data-widget_type=\"image.default\">\n\t\t\t\t<div class=\"elementor-widget-container\">\n\t\t\t<style>\/*! elementor - v3.8.1 - 13-11-2022 *\/\n.elementor-widget-image{text-align:center}.elementor-widget-image a{display:inline-block}.elementor-widget-image a img[src$=\".svg\"]{width:48px}.elementor-widget-image img{vertical-align:middle;display:inline-block}<\/style>\t\t\t\t\t\t\t\t\t\t\t\t\t<a href=\"https:\/\/eveildesign.com\/\">\n\t\t\t\t\t\t\t<img decoding=\"async\" width=\"226\" height=\"226\" data-src=\"https:\/\/eveildesign.com\/wp-content\/uploads\/2022\/08\/menu-eveil_Plan-de-travail-1.jpg\" class=\"attachment-medium size-medium lazyload\" alt=\"ic\u00f4ne retour \u00e0 l&#039;accueil\" data-srcset=\"https:\/\/eveildesign.com\/wp-content\/uploads\/2022\/08\/menu-eveil_Plan-de-travail-1.jpg 226w, https:\/\/eveildesign.com\/wp-content\/uploads\/2022\/08\/menu-eveil_Plan-de-travail-1-150x150.jpg 150w\" data-sizes=\"100vw\" src=\"data:image\/svg+xml;base64,PHN2ZyB3aWR0aD0iMSIgaGVpZ2h0PSIxIiB4bWxucz0iaHR0cDovL3d3dy53My5vcmcvMjAwMC9zdmciPjwvc3ZnPg==\" style=\"--smush-placeholder-width: 226px; --smush-placeholder-aspect-ratio: 226\/226;\" \/>\t\t\t\t\t\t\t\t<\/a>\n\t\t\t\t\t\t\t\t\t\t\t\t\t\t\t<\/div>\n\t\t\t\t<\/div>\n\t\t\t\t<div class=\"elementor-element elementor-element-6885d12 elementor-widget elementor-widget-image\" data-id=\"6885d12\" data-element_type=\"widget\" data-widget_type=\"image.default\">\n\t\t\t\t<div class=\"elementor-widget-container\">\n\t\t\t\t\t\t\t\t\t\t\t\t\t\t\t<img decoding=\"async\" width=\"1680\" height=\"600\" data-src=\"https:\/\/eveildesign.com\/wp-content\/uploads\/2022\/08\/LA-FAVORITE-Intro-01.jpg\" class=\"attachment-full size-full lazyload\" alt=\"\" data-srcset=\"https:\/\/eveildesign.com\/wp-content\/uploads\/2022\/08\/LA-FAVORITE-Intro-01.jpg 1680w, https:\/\/eveildesign.com\/wp-content\/uploads\/2022\/08\/LA-FAVORITE-Intro-01-300x107.jpg 300w, https:\/\/eveildesign.com\/wp-content\/uploads\/2022\/08\/LA-FAVORITE-Intro-01-1024x366.jpg 1024w, https:\/\/eveildesign.com\/wp-content\/uploads\/2022\/08\/LA-FAVORITE-Intro-01-768x274.jpg 768w, https:\/\/eveildesign.com\/wp-content\/uploads\/2022\/08\/LA-FAVORITE-Intro-01-1536x549.jpg 1536w\" data-sizes=\"100vw\" src=\"data:image\/svg+xml;base64,PHN2ZyB3aWR0aD0iMSIgaGVpZ2h0PSIxIiB4bWxucz0iaHR0cDovL3d3dy53My5vcmcvMjAwMC9zdmciPjwvc3ZnPg==\" style=\"--smush-placeholder-width: 1680px; --smush-placeholder-aspect-ratio: 1680\/600;\" \/>\t\t\t\t\t\t\t\t\t\t\t\t\t\t\t<\/div>\n\t\t\t\t<\/div>\n\t\t\t\t\t<\/div>\n\t\t<\/div>\n\t\t\t\t\t\t\t<\/div>\n\t\t<\/section>\n\t\t\t\t<section class=\"elementor-section elementor-top-section elementor-element elementor-element-227bc06 elementor-section-full_width elementor-section-height-default elementor-section-height-default\" data-id=\"227bc06\" data-element_type=\"section\" data-settings=\"{&quot;background_background&quot;:&quot;classic&quot;}\">\n\t\t\t\t\t\t<div class=\"elementor-container elementor-column-gap-no\">\n\t\t\t\t\t<div class=\"elementor-column elementor-col-100 elementor-top-column elementor-element elementor-element-67823f4\" data-id=\"67823f4\" data-element_type=\"column\">\n\t\t\t<div class=\"elementor-widget-wrap elementor-element-populated\">\n\t\t\t\t\t\t\t\t<div class=\"elementor-element elementor-element-cb2fc71 elementor-widget elementor-widget-image\" data-id=\"cb2fc71\" data-element_type=\"widget\" data-widget_type=\"image.default\">\n\t\t\t\t<div class=\"elementor-widget-container\">\n\t\t\t\t\t\t\t\t\t\t\t\t\t\t\t<img decoding=\"async\" width=\"1680\" height=\"1121\" data-src=\"https:\/\/eveildesign.com\/wp-content\/uploads\/2022\/08\/LA-FAVORITE\u2022Visuel-02-abricots-e1663928302223.png\" class=\"attachment-full size-full lazyload\" alt=\"\" data-srcset=\"https:\/\/eveildesign.com\/wp-content\/uploads\/2022\/08\/LA-FAVORITE\u2022Visuel-02-abricots-e1663928302223.png 1680w, https:\/\/eveildesign.com\/wp-content\/uploads\/2022\/08\/LA-FAVORITE\u2022Visuel-02-abricots-e1663928302223-300x200.png 300w, https:\/\/eveildesign.com\/wp-content\/uploads\/2022\/08\/LA-FAVORITE\u2022Visuel-02-abricots-e1663928302223-1024x683.png 1024w, https:\/\/eveildesign.com\/wp-content\/uploads\/2022\/08\/LA-FAVORITE\u2022Visuel-02-abricots-e1663928302223-768x512.png 768w, https:\/\/eveildesign.com\/wp-content\/uploads\/2022\/08\/LA-FAVORITE\u2022Visuel-02-abricots-e1663928302223-1536x1025.png 1536w\" data-sizes=\"100vw\" src=\"data:image\/svg+xml;base64,PHN2ZyB3aWR0aD0iMSIgaGVpZ2h0PSIxIiB4bWxucz0iaHR0cDovL3d3dy53My5vcmcvMjAwMC9zdmciPjwvc3ZnPg==\" style=\"--smush-placeholder-width: 1680px; --smush-placeholder-aspect-ratio: 1680\/1121;\" \/>\t\t\t\t\t\t\t\t\t\t\t\t\t\t\t<\/div>\n\t\t\t\t<\/div>\n\t\t\t\t\t<\/div>\n\t\t<\/div>\n\t\t\t\t\t\t\t<\/div>\n\t\t<\/section>\n\t\t\t\t<section class=\"elementor-section elementor-top-section elementor-element elementor-element-db46da8 elementor-section-full_width elementor-section-height-default elementor-section-height-default\" data-id=\"db46da8\" data-element_type=\"section\">\n\t\t\t\t\t\t<div class=\"elementor-container elementor-column-gap-no\">\n\t\t\t\t\t<div class=\"elementor-column elementor-col-100 elementor-top-column elementor-element elementor-element-7f5b612\" data-id=\"7f5b612\" data-element_type=\"column\">\n\t\t\t<div class=\"elementor-widget-wrap elementor-element-populated\">\n\t\t\t\t\t\t\t\t<div class=\"elementor-element elementor-element-4b7d177 elementor-widget elementor-widget-image\" data-id=\"4b7d177\" data-element_type=\"widget\" data-widget_type=\"image.default\">\n\t\t\t\t<div class=\"elementor-widget-container\">\n\t\t\t\t\t\t\t\t\t\t\t\t\t\t\t<img decoding=\"async\" width=\"1680\" height=\"1121\" data-src=\"https:\/\/eveildesign.com\/wp-content\/uploads\/2022\/08\/LA-FAVORITE\u2022Pack-Abricots-01-e1663928394225.png\" class=\"attachment-full size-full lazyload\" alt=\"\" data-srcset=\"https:\/\/eveildesign.com\/wp-content\/uploads\/2022\/08\/LA-FAVORITE\u2022Pack-Abricots-01-e1663928394225.png 1680w, https:\/\/eveildesign.com\/wp-content\/uploads\/2022\/08\/LA-FAVORITE\u2022Pack-Abricots-01-e1663928394225-300x200.png 300w, https:\/\/eveildesign.com\/wp-content\/uploads\/2022\/08\/LA-FAVORITE\u2022Pack-Abricots-01-e1663928394225-1024x683.png 1024w, https:\/\/eveildesign.com\/wp-content\/uploads\/2022\/08\/LA-FAVORITE\u2022Pack-Abricots-01-e1663928394225-768x512.png 768w, https:\/\/eveildesign.com\/wp-content\/uploads\/2022\/08\/LA-FAVORITE\u2022Pack-Abricots-01-e1663928394225-1536x1025.png 1536w\" data-sizes=\"100vw\" src=\"data:image\/svg+xml;base64,PHN2ZyB3aWR0aD0iMSIgaGVpZ2h0PSIxIiB4bWxucz0iaHR0cDovL3d3dy53My5vcmcvMjAwMC9zdmciPjwvc3ZnPg==\" style=\"--smush-placeholder-width: 1680px; --smush-placeholder-aspect-ratio: 1680\/1121;\" \/>\t\t\t\t\t\t\t\t\t\t\t\t\t\t\t<\/div>\n\t\t\t\t<\/div>\n\t\t\t\t\t<\/div>\n\t\t<\/div>\n\t\t\t\t\t\t\t<\/div>\n\t\t<\/section>\n\t\t\t\t<section class=\"elementor-section elementor-top-section elementor-element elementor-element-ac63e23 elementor-section-full_width elementor-section-height-default elementor-section-height-default\" data-id=\"ac63e23\" data-element_type=\"section\">\n\t\t\t\t\t\t<div class=\"elementor-container elementor-column-gap-no\">\n\t\t\t\t\t<div class=\"elementor-column elementor-col-50 elementor-top-column elementor-element elementor-element-3342bf1\" data-id=\"3342bf1\" data-element_type=\"column\">\n\t\t\t<div class=\"elementor-widget-wrap elementor-element-populated\">\n\t\t\t\t\t\t\t\t<div class=\"elementor-element elementor-element-0fe6eda elementor-widget elementor-widget-image\" data-id=\"0fe6eda\" data-element_type=\"widget\" data-widget_type=\"image.default\">\n\t\t\t\t<div class=\"elementor-widget-container\">\n\t\t\t\t\t\t\t\t\t\t\t\t\t\t\t<img decoding=\"async\" width=\"950\" height=\"634\" data-src=\"https:\/\/eveildesign.com\/wp-content\/uploads\/2022\/08\/LA-FAVORITE\u2022Pack-Dattes-01-e1663928528891-1024x683.png\" class=\"attachment-large size-large lazyload\" alt=\"\" data-srcset=\"https:\/\/eveildesign.com\/wp-content\/uploads\/2022\/08\/LA-FAVORITE\u2022Pack-Dattes-01-e1663928528891-1024x683.png 1024w, https:\/\/eveildesign.com\/wp-content\/uploads\/2022\/08\/LA-FAVORITE\u2022Pack-Dattes-01-e1663928528891-300x200.png 300w, https:\/\/eveildesign.com\/wp-content\/uploads\/2022\/08\/LA-FAVORITE\u2022Pack-Dattes-01-e1663928528891-768x512.png 768w, https:\/\/eveildesign.com\/wp-content\/uploads\/2022\/08\/LA-FAVORITE\u2022Pack-Dattes-01-e1663928528891-1536x1025.png 1536w, https:\/\/eveildesign.com\/wp-content\/uploads\/2022\/08\/LA-FAVORITE\u2022Pack-Dattes-01-e1663928528891.png 1680w\" data-sizes=\"100vw\" src=\"data:image\/svg+xml;base64,PHN2ZyB3aWR0aD0iMSIgaGVpZ2h0PSIxIiB4bWxucz0iaHR0cDovL3d3dy53My5vcmcvMjAwMC9zdmciPjwvc3ZnPg==\" style=\"--smush-placeholder-width: 950px; --smush-placeholder-aspect-ratio: 950\/634;\" \/>\t\t\t\t\t\t\t\t\t\t\t\t\t\t\t<\/div>\n\t\t\t\t<\/div>\n\t\t\t\t\t<\/div>\n\t\t<\/div>\n\t\t\t\t<div class=\"elementor-column elementor-col-50 elementor-top-column elementor-element elementor-element-8255d83\" data-id=\"8255d83\" data-element_type=\"column\">\n\t\t\t<div class=\"elementor-widget-wrap elementor-element-populated\">\n\t\t\t\t\t\t\t\t<div class=\"elementor-element elementor-element-0a68e5f elementor-widget elementor-widget-image\" data-id=\"0a68e5f\" data-element_type=\"widget\" data-widget_type=\"image.default\">\n\t\t\t\t<div class=\"elementor-widget-container\">\n\t\t\t\t\t\t\t\t\t\t\t\t\t\t\t<img decoding=\"async\" width=\"950\" height=\"634\" data-src=\"https:\/\/eveildesign.com\/wp-content\/uploads\/2022\/08\/LA-FAVORITE\u2022Pack-Figues-01-e1663928612899-1024x683.png\" class=\"attachment-large size-large lazyload\" alt=\"\" data-srcset=\"https:\/\/eveildesign.com\/wp-content\/uploads\/2022\/08\/LA-FAVORITE\u2022Pack-Figues-01-e1663928612899-1024x683.png 1024w, https:\/\/eveildesign.com\/wp-content\/uploads\/2022\/08\/LA-FAVORITE\u2022Pack-Figues-01-e1663928612899-300x200.png 300w, https:\/\/eveildesign.com\/wp-content\/uploads\/2022\/08\/LA-FAVORITE\u2022Pack-Figues-01-e1663928612899-768x512.png 768w, https:\/\/eveildesign.com\/wp-content\/uploads\/2022\/08\/LA-FAVORITE\u2022Pack-Figues-01-e1663928612899-1536x1025.png 1536w, https:\/\/eveildesign.com\/wp-content\/uploads\/2022\/08\/LA-FAVORITE\u2022Pack-Figues-01-e1663928612899.png 1680w\" data-sizes=\"100vw\" src=\"data:image\/svg+xml;base64,PHN2ZyB3aWR0aD0iMSIgaGVpZ2h0PSIxIiB4bWxucz0iaHR0cDovL3d3dy53My5vcmcvMjAwMC9zdmciPjwvc3ZnPg==\" style=\"--smush-placeholder-width: 950px; --smush-placeholder-aspect-ratio: 950\/634;\" \/>\t\t\t\t\t\t\t\t\t\t\t\t\t\t\t<\/div>\n\t\t\t\t<\/div>\n\t\t\t\t\t<\/div>\n\t\t<\/div>\n\t\t\t\t\t\t\t<\/div>\n\t\t<\/section>\n\t\t\t\t<section class=\"elementor-section elementor-top-section elementor-element elementor-element-78eddfd elementor-section-boxed elementor-section-height-default elementor-section-height-default\" data-id=\"78eddfd\" data-element_type=\"section\">\n\t\t\t\t\t\t<div class=\"elementor-container elementor-column-gap-default\">\n\t\t\t\t\t<div class=\"elementor-column elementor-col-100 elementor-top-column elementor-element elementor-element-0a4ff69\" data-id=\"0a4ff69\" data-element_type=\"column\">\n\t\t\t<div class=\"elementor-widget-wrap elementor-element-populated\">\n\t\t\t\t\t\t\t\t<div class=\"elementor-element elementor-element-ee2bf13 elementor-align-center elementor-widget elementor-widget-button\" data-id=\"ee2bf13\" data-element_type=\"widget\" data-widget_type=\"button.default\">\n\t\t\t\t<div class=\"elementor-widget-container\">\n\t\t\t\t\t<div class=\"elementor-button-wrapper\">\n\t\t\t<a href=\"https:\/\/eveildesign.com\/#cases\" class=\"elementor-button-link elementor-button elementor-size-sm\" role=\"button\">\n\t\t\t\t\t\t<span class=\"elementor-button-content-wrapper\">\n\t\t\t\t\t\t<span class=\"elementor-button-text\">Choisir une autre histoire<\/span>\n\t\t<\/span>\n\t\t\t\t\t<\/a>\n\t\t<\/div>\n\t\t\t\t<\/div>\n\t\t\t\t<\/div>\n\t\t\t\t\t<\/div>\n\t\t<\/div>\n\t\t\t\t\t\t\t<\/div>\n\t\t<\/section>\n\t\t\t\t\t\t\t<\/div>\n\t\t","protected":false},"excerpt":{"rendered":"<p>Choisir une autre histoire<\/p>\n","protected":false},"author":1,"featured_media":1703,"parent":0,"menu_order":0,"comment_status":"closed","ping_status":"closed","template":"elementor_header_footer","meta":{"om_disable_all_campaigns":false,"_mi_skip_tracking":false,"footnotes":""},"class_list":["post-1442","page","type-page","status-publish","has-post-thumbnail","hentry"],"_links":{"self":[{"href":"https:\/\/eveildesign.com\/index.php\/wp-json\/wp\/v2\/pages\/1442","targetHints":{"allow":["GET"]}}],"collection":[{"href":"https:\/\/eveildesign.com\/index.php\/wp-json\/wp\/v2\/pages"}],"about":[{"href":"https:\/\/eveildesign.com\/index.php\/wp-json\/wp\/v2\/types\/page"}],"author":[{"embeddable":true,"href":"https:\/\/eveildesign.com\/index.php\/wp-json\/wp\/v2\/users\/1"}],"replies":[{"embeddable":true,"href":"https:\/\/eveildesign.com\/index.php\/wp-json\/wp\/v2\/comments?post=1442"}],"version-history":[{"count":92,"href":"https:\/\/eveildesign.com\/index.php\/wp-json\/wp\/v2\/pages\/1442\/revisions"}],"predecessor-version":[{"id":2255,"href":"https:\/\/eveildesign.com\/index.php\/wp-json\/wp\/v2\/pages\/1442\/revisions\/2255"}],"wp:featuredmedia":[{"embeddable":true,"href":"https:\/\/eveildesign.com\/index.php\/wp-json\/wp\/v2\/media\/1703"}],"wp:attachment":[{"href":"https:\/\/eveildesign.com\/index.php\/wp-json\/wp\/v2\/media?parent=1442"}],"curies":[{"name":"wp","href":"https:\/\/api.w.org\/{rel}","templated":true}]}}